{"id":422,"date":"2026-03-05T23:36:03","date_gmt":"2026-03-05T22:36:03","guid":{"rendered":"https:\/\/kuczynskabeauty.pl\/?page_id=422"},"modified":"2026-03-09T22:48:04","modified_gmt":"2026-03-09T21:48:04","slug":"polityka-prywatnosci","status":"publish","type":"page","link":"https:\/\/kuczynskabeauty.pl\/index.php\/polityka-prywatnosci\/","title":{"rendered":"Polityka prywatno\u015bci"},"content":{"rendered":"\t\t<div data-elementor-type=\"wp-page\" data-elementor-id=\"422\" class=\"elementor elementor-422\">\n\t\t\t\t<div class=\"elementor-element elementor-element-27a8e6b e-flex e-con-boxed e-con e-parent\" data-id=\"27a8e6b\" data-element_type=\"container\" data-e-type=\"container\">\n\t\t\t\t\t<div class=\"e-con-inner\">\n\t\t\t\t<div class=\"elementor-element elementor-element-96ca943 elementor-widget elementor-widget-spacer\" data-id=\"96ca943\" data-element_type=\"widget\" data-e-type=\"widget\" data-widget_type=\"spacer.default\">\n\t\t\t\t\t\t\t<div class=\"elementor-spacer\">\n\t\t\t<div class=\"elementor-spacer-inner\"><\/div>\n\t\t<\/div>\n\t\t\t\t\t\t<\/div>\n\t\t\t\t<div class=\"elementor-element elementor-element-40adc17 elementor-widget elementor-widget-heading\" data-id=\"40adc17\" data-element_type=\"widget\" data-e-type=\"widget\" data-widget_type=\"heading.default\">\n\t\t\t\t\t<h2 class=\"elementor-heading-title elementor-size-default\">Polityka prywatno\u015bci<\/h2>\t\t\t\t<\/div>\n\t\t\t\t<div class=\"elementor-element elementor-element-24466ed elementor-widget elementor-widget-spacer\" data-id=\"24466ed\" data-element_type=\"widget\" data-e-type=\"widget\" data-widget_type=\"spacer.default\">\n\t\t\t\t\t\t\t<div class=\"elementor-spacer\">\n\t\t\t<div class=\"elementor-spacer-inner\"><\/div>\n\t\t<\/div>\n\t\t\t\t\t\t<\/div>\n\t\t\t\t\t<\/div>\n\t\t\t\t<\/div>\n\t\t<div class=\"elementor-element elementor-element-bde9aa6 e-flex e-con-boxed e-con e-parent\" data-id=\"bde9aa6\" data-element_type=\"container\" data-e-type=\"container\">\n\t\t\t\t\t<div class=\"e-con-inner\">\n\t\t\t\t<div class=\"elementor-element elementor-element-3e8e77b elementor-widget elementor-widget-text-editor\" data-id=\"3e8e77b\" data-element_type=\"widget\" data-e-type=\"widget\" data-widget_type=\"text-editor.default\">\n\t\t\t\t\t\t\t\t\t<h3 data-section-id=\"1ar5ipx\" data-start=\"361\" data-end=\"381\">Informacje og\u00f3lne<\/h3>\n<p data-start=\"383\" data-end=\"517\">Niniejsza Polityka prywatno\u015bci dotyczy serwisu internetowego dzia\u0142aj\u0105cego pod adresem:<br data-start=\"469\" data-end=\"472\"><a class=\"decorated-link\" href=\"http:\/\/www.kuczynskabeauty.pl\" target=\"_new\" rel=\"noopener\" data-start=\"474\" data-end=\"496\">www.kuczynskabeauty.pl<\/a> (dalej: \u201eSerwis\u201d).<\/p>\n<p data-start=\"519\" data-end=\"735\">Administratorem danych osobowych jest firma Kamil Kuczy\u0144ski Kamtech, ul. Lubczy\u0144ska 18A, 70-896 Za\u0142om, NIP: 9552035509 (dalej: \u201eAdministrator\u201d).<\/p>\n<p data-start=\"737\" data-end=\"831\">Kontakt z Administratorem jest mo\u017cliwy za po\u015brednictwem numeru telefonu: +48 661 051 700<\/p>\n<p data-start=\"833\" data-end=\"932\">Administrator przetwarza dane osobowe zgodnie z obowi\u0105zuj\u0105cymi przepisami prawa, w szczeg\u00f3lno\u015bci z:<\/p>\n<ul data-start=\"934\" data-end=\"1088\">\n<li data-section-id=\"153mocx\" data-start=\"934\" data-end=\"1005\">\n<p data-start=\"936\" data-end=\"1005\">Rozporz\u0105dzeniem Parlamentu Europejskiego i Rady (UE) 2016\/679 (RODO),<\/p>\n<\/li>\n<li data-section-id=\"eopi1f\" data-start=\"1006\" data-end=\"1043\">\n<p data-start=\"1008\" data-end=\"1043\">ustaw\u0105 o ochronie danych osobowych,<\/p>\n<\/li>\n<li data-section-id=\"dvuvu7\" data-start=\"1044\" data-end=\"1088\">\n<p data-start=\"1046\" data-end=\"1088\">ustaw\u0105 \u2013 Prawo komunikacji elektronicznej.<\/p>\n<\/li>\n<\/ul>\n<h3 data-section-id=\"k8w3dk\" data-start=\"1095\" data-end=\"1130\">Zakres i cel przetwarzania danych<\/h3>\n<p data-start=\"1132\" data-end=\"1293\">Serwis ma charakter informacyjny. Administrator nie prowadzi rejestracji u\u017cytkownik\u00f3w, nie umo\u017cliwia zak\u0142adania kont oraz nie udost\u0119pnia formularzy kontaktowych.<\/p>\n<p data-start=\"1295\" data-end=\"1364\">Dane osobowe u\u017cytkownik\u00f3w mog\u0105 by\u0107 przetwarzane wy\u0142\u0105cznie w zakresie:<\/p>\n<ul data-start=\"1366\" data-end=\"1626\">\n<li data-section-id=\"10pqwja\" data-start=\"1366\" data-end=\"1498\">\n<p data-start=\"1368\" data-end=\"1498\">danych technicznych przesy\u0142anych automatycznie przez przegl\u0105dark\u0119 internetow\u0105 (np. adres IP, typ przegl\u0105darki, system operacyjny),<\/p>\n<\/li>\n<li data-section-id=\"7eybko\" data-start=\"1499\" data-end=\"1535\">\n<p data-start=\"1501\" data-end=\"1535\">danych zawartych w logach serwera,<\/p>\n<\/li>\n<li data-section-id=\"1cqsqxm\" data-start=\"1536\" data-end=\"1626\">\n<p data-start=\"1538\" data-end=\"1626\">danych przetwarzanych przez zewn\u0119trzne us\u0142ugi wbudowane w Serwis, w tym Mapy Google.<\/p>\n<\/li>\n<\/ul>\n<p data-start=\"1628\" data-end=\"1659\">Dane te przetwarzane s\u0105 w celu:<\/p>\n<ul data-start=\"1661\" data-end=\"1853\">\n<li data-section-id=\"15hcxjs\" data-start=\"1661\" data-end=\"1706\">\n<p data-start=\"1663\" data-end=\"1706\">zapewnienia prawid\u0142owego dzia\u0142ania Serwisu,<\/p>\n<\/li>\n<li data-section-id=\"1snu0fq\" data-start=\"1707\" data-end=\"1752\">\n<p data-start=\"1709\" data-end=\"1752\">zapewnienia bezpiecze\u0144stwa informatycznego,<\/p>\n<\/li>\n<li data-section-id=\"lhr87d\" data-start=\"1753\" data-end=\"1780\">\n<p data-start=\"1755\" data-end=\"1780\">administrowania Serwisem,<\/p>\n<\/li>\n<li data-section-id=\"oasqb5\" data-start=\"1781\" data-end=\"1853\">\n<p data-start=\"1783\" data-end=\"1853\">wy\u015bwietlania map i lokalizacji w Serwisie za po\u015brednictwem Map Google.<\/p>\n<\/li>\n<\/ul>\n<h3 data-section-id=\"1gnrqfz\" data-start=\"1860\" data-end=\"1898\">Podstawa prawna przetwarzania danych<\/h3>\n<p data-start=\"1900\" data-end=\"1942\">Dane osobowe przetwarzane s\u0105 na podstawie:<\/p>\n<p data-start=\"1944\" data-end=\"2033\">art. 6 ust. 1 lit. f RODO \u2013 prawnie uzasadniony interes Administratora polegaj\u0105cy na:<\/p>\n<ul data-start=\"2035\" data-end=\"2202\">\n<li data-section-id=\"diqegb\" data-start=\"2035\" data-end=\"2073\">\n<p data-start=\"2037\" data-end=\"2073\">utrzymaniu i zabezpieczeniu Serwisu,<\/p>\n<\/li>\n<li data-section-id=\"35ehd1\" data-start=\"2074\" data-end=\"2121\">\n<p data-start=\"2076\" data-end=\"2121\">zapewnieniu jego prawid\u0142owego funkcjonowania,<\/p>\n<\/li>\n<li data-section-id=\"1qjpsrx\" data-start=\"2122\" data-end=\"2202\">\n<p data-start=\"2124\" data-end=\"2202\">wy\u015bwietlaniu tre\u015bci zewn\u0119trznych wbudowanych w Serwis, takich jak Mapy Google.<\/p>\n<\/li>\n<\/ul>\n<h3 data-section-id=\"1a2ubs7\" data-start=\"2209\" data-end=\"2233\">Hosting i logi serwera<\/h3>\n<p data-start=\"2235\" data-end=\"2290\">Serwis jest hostowany na serwerach operatora LH.pl.<\/p>\n<p data-start=\"2292\" data-end=\"2354\">Firma hostingowa mo\u017ce prowadzi\u0107 logi serwera obejmuj\u0105ce m.in.:<\/p>\n<ul data-start=\"2356\" data-end=\"2512\">\n<li data-section-id=\"8zpsx2\" data-start=\"2356\" data-end=\"2379\">\n<p data-start=\"2358\" data-end=\"2379\">adres IP u\u017cytkownika,<\/p>\n<\/li>\n<li data-section-id=\"vpbftb\" data-start=\"2380\" data-end=\"2404\">\n<p data-start=\"2382\" data-end=\"2404\">dat\u0119 i czas zapytania,<\/p>\n<\/li>\n<li data-section-id=\"18fnh6p\" data-start=\"2405\" data-end=\"2433\">\n<p data-start=\"2407\" data-end=\"2433\">adres URL \u017c\u0105danego zasobu,<\/p>\n<\/li>\n<li data-section-id=\"45bvkp\" data-start=\"2434\" data-end=\"2475\">\n<p data-start=\"2436\" data-end=\"2475\">informacje o przegl\u0105darce internetowej,<\/p>\n<\/li>\n<li data-section-id=\"17qsben\" data-start=\"2476\" data-end=\"2512\">\n<p data-start=\"2478\" data-end=\"2512\">informacje o systemie operacyjnym.<\/p>\n<\/li>\n<\/ul>\n<p data-start=\"2514\" data-end=\"2619\">Dane te wykorzystywane s\u0105 wy\u0142\u0105cznie w celach technicznych oraz w celu zapewnienia bezpiecze\u0144stwa Serwisu.<\/p>\n<h3 data-section-id=\"1u5eqee\" data-start=\"2626\" data-end=\"2641\">Pliki cookies<\/h3>\n<p data-start=\"2643\" data-end=\"2754\">Serwis wykorzystuje wy\u0142\u0105cznie niezb\u0119dne pliki cookies, kt\u00f3re s\u0105 konieczne do prawid\u0142owego dzia\u0142ania strony.<\/p>\n<p data-start=\"2756\" data-end=\"2784\">Mog\u0105 to by\u0107 w szczeg\u00f3lno\u015bci:<\/p>\n<ul data-start=\"2786\" data-end=\"2932\">\n<li data-section-id=\"kpmm3e\" data-start=\"2786\" data-end=\"2852\">\n<p data-start=\"2788\" data-end=\"2852\">cookies techniczne \u2013 umo\u017cliwiaj\u0105ce prawid\u0142owe dzia\u0142anie Serwisu,<\/p>\n<\/li>\n<li data-section-id=\"y49w2p\" data-start=\"2853\" data-end=\"2932\">\n<p data-start=\"2855\" data-end=\"2932\">cookies zwi\u0105zane z integracj\u0105 us\u0142ug zewn\u0119trznych, takich jak Mapy Google.<\/p>\n<\/li>\n<\/ul>\n<p data-start=\"2934\" data-end=\"2973\">Pliki cookies wykorzystywane s\u0105 w celu:<\/p>\n<ul data-start=\"2975\" data-end=\"3131\">\n<li data-section-id=\"zuuqgm\" data-start=\"2975\" data-end=\"3010\">\n<p data-start=\"2977\" data-end=\"3010\">prawid\u0142owego wy\u015bwietlania strony,<\/p>\n<\/li>\n<li data-section-id=\"1bc3152\" data-start=\"3011\" data-end=\"3072\">\n<p data-start=\"3013\" data-end=\"3072\">zapewnienia bezpiecze\u0144stwa i stabilno\u015bci dzia\u0142ania Serwisu,<\/p>\n<\/li>\n<li data-section-id=\"mhf15o\" data-start=\"3073\" data-end=\"3131\">\n<p data-start=\"3075\" data-end=\"3131\">umo\u017cliwienia wy\u015bwietlania map i funkcji lokalizacyjnych.<\/p>\n<\/li>\n<\/ul>\n<p data-start=\"3133\" data-end=\"3284\">Podstaw\u0105 prawn\u0105 stosowania niezb\u0119dnych plik\u00f3w cookies jest<br data-start=\"3191\" data-end=\"3194\">art. 6 ust. 1 lit. f RODO oraz przepisy ustawy \u2013 Prawo komunikacji elektronicznej.<\/p>\n<p data-start=\"3286\" data-end=\"3351\">Serwis nie wykorzystuje cookies analitycznych ani marketingowych.<\/p>\n<p data-start=\"3353\" data-end=\"3447\">U\u017cytkownik mo\u017ce w ka\u017cdej chwili zmieni\u0107 ustawienia cookies w swojej przegl\u0105darce internetowej.<\/p>\n<h3 data-section-id=\"1wu0xlk\" data-start=\"3454\" data-end=\"3471\">Odbiorcy danych<\/h3>\n<p data-start=\"3473\" data-end=\"3593\">Dane osobowe mog\u0105 by\u0107 przekazywane wy\u0142\u0105cznie podmiotom przetwarzaj\u0105cym dane na zlecenie Administratora, w szczeg\u00f3lno\u015bci:<\/p>\n<ul data-start=\"3595\" data-end=\"3778\">\n<li data-section-id=\"1m0s872\" data-start=\"3595\" data-end=\"3636\">\n<p data-start=\"3597\" data-end=\"3636\">firmie hostingowej obs\u0142uguj\u0105cej Serwis,<\/p>\n<\/li>\n<li data-section-id=\"13wpobf\" data-start=\"3637\" data-end=\"3778\">\n<p data-start=\"3639\" data-end=\"3778\">dostawcom us\u0142ug zewn\u0119trznych wykorzystywanych w Serwisie, takim jak Google, w zakresie niezb\u0119dnym do dzia\u0142ania us\u0142ug (np. Mapy Google).<\/p>\n<\/li>\n<\/ul>\n<p data-start=\"3780\" data-end=\"3852\">Podmioty te przetwarzaj\u0105 dane zgodnie z w\u0142asnymi politykami prywatno\u015bci.<\/p>\n<h3 data-section-id=\"ssweiy\" data-start=\"3859\" data-end=\"3872\">Mapy Google<\/h3>\n<p data-start=\"3874\" data-end=\"4002\">Serwis korzysta z Map Google udost\u0119pnianych przez<br data-start=\"3927\" data-end=\"3930\">Google LLC, 1600 Amphitheatre Parkway, Mountain View, CA 94043, USA.<\/p>\n<p data-start=\"4004\" data-end=\"4107\">Korzystanie z Map Google mo\u017ce powodowa\u0107 przetwarzanie danych u\u017cytkownika przez Google, w szczeg\u00f3lno\u015bci:<\/p>\n<ul data-start=\"4109\" data-end=\"4185\">\n<li data-section-id=\"a8eill\" data-start=\"4109\" data-end=\"4121\">\n<p data-start=\"4111\" data-end=\"4121\">adresu IP,<\/p>\n<\/li>\n<li data-section-id=\"4zy1ho\" data-start=\"4122\" data-end=\"4149\">\n<p data-start=\"4124\" data-end=\"4149\">informacji o lokalizacji,<\/p>\n<\/li>\n<li data-section-id=\"h58qt3\" data-start=\"4150\" data-end=\"4185\">\n<p data-start=\"4152\" data-end=\"4185\">informacji o interakcjach z map\u0105.<\/p>\n<\/li>\n<\/ul>\n<p data-start=\"4187\" data-end=\"4264\">Dane te wykorzystywane s\u0105 w celu wy\u015bwietlania map oraz funkcji nawigacyjnych.<\/p>\n<p data-start=\"4266\" data-end=\"4550\">W zwi\u0105zku z korzystaniem z us\u0142ug Google dane mog\u0105 by\u0107 przekazywane do Stan\u00f3w Zjednoczonych. Przekazywanie danych odbywa si\u0119 zgodnie z mechanizmami zgodno\u015bci przewidzianymi przez przepisy RODO, w tym w oparciu o EU-US Data Privacy Framework lub standardowe klauzule umowne.<\/p>\n<p data-start=\"4552\" data-end=\"4699\">Szczeg\u00f3\u0142owe informacje dotycz\u0105ce przetwarzania danych przez Google dost\u0119pne s\u0105 w Polityce prywatno\u015bci Google:<br data-start=\"4661\" data-end=\"4664\"><a class=\"decorated-link\" href=\"https:\/\/policies.google.com\/privacy\" target=\"_new\" rel=\"noopener\" data-start=\"4664\" data-end=\"4699\">https:\/\/policies.google.com\/privacy<\/a><\/p>\n<h3 data-section-id=\"1eu2k0o\" data-start=\"4706\" data-end=\"4735\">Okres przechowywania danych<\/h3>\n<p data-start=\"4737\" data-end=\"4830\">Dane techniczne oraz dane zawarte w logach serwera przechowywane s\u0105 przez okres niezb\u0119dny do:<\/p>\n<ul data-start=\"4832\" data-end=\"4932\">\n<li data-section-id=\"15hcxjs\" data-start=\"4832\" data-end=\"4877\">\n<p data-start=\"4834\" data-end=\"4877\">zapewnienia prawid\u0142owego dzia\u0142ania Serwisu,<\/p>\n<\/li>\n<li data-section-id=\"pwfbu2\" data-start=\"4878\" data-end=\"4932\">\n<p data-start=\"4880\" data-end=\"4932\">zapewnienia bezpiecze\u0144stwa system\u00f3w informatycznych.<\/p>\n<\/li>\n<\/ul>\n<p data-start=\"4934\" data-end=\"5088\">Okres przechowywania danych mo\u017ce wynika\u0107 r\u00f3wnie\u017c z regulacji wewn\u0119trznych dostawc\u00f3w us\u0142ug hostingowych lub us\u0142ug zewn\u0119trznych wykorzystywanych w Serwisie.<\/p>\n<h3 data-section-id=\"1yfcosp\" data-start=\"5095\" data-end=\"5114\">Prawa u\u017cytkownika<\/h3>\n<p data-start=\"5116\" data-end=\"5139\">U\u017cytkownik ma prawo do:<\/p>\n<ul data-start=\"5141\" data-end=\"5377\">\n<li data-section-id=\"xqek44\" data-start=\"5141\" data-end=\"5178\">\n<p data-start=\"5143\" data-end=\"5178\">dost\u0119pu do swoich danych osobowych,<\/p>\n<\/li>\n<li data-section-id=\"1u10skb\" data-start=\"5179\" data-end=\"5201\">\n<p data-start=\"5181\" data-end=\"5201\">sprostowania danych,<\/p>\n<\/li>\n<li data-section-id=\"1fpbmmz\" data-start=\"5202\" data-end=\"5221\">\n<p data-start=\"5204\" data-end=\"5221\">usuni\u0119cia danych,<\/p>\n<\/li>\n<li data-section-id=\"edoajv\" data-start=\"5222\" data-end=\"5258\">\n<p data-start=\"5224\" data-end=\"5258\">ograniczenia przetwarzania danych,<\/p>\n<\/li>\n<li data-section-id=\"5ln4t7\" data-start=\"5259\" data-end=\"5309\">\n<p data-start=\"5261\" data-end=\"5309\">wniesienia sprzeciwu wobec przetwarzania danych,<\/p>\n<\/li>\n<li data-section-id=\"17l29av\" data-start=\"5310\" data-end=\"5377\">\n<p data-start=\"5312\" data-end=\"5377\">wniesienia skargi do Prezesa Urz\u0119du Ochrony Danych Osobowych.<\/p>\n<\/li>\n<\/ul>\n<h3 data-section-id=\"8ba2s\" data-start=\"5384\" data-end=\"5404\">Informacje ko\u0144cowe<\/h3>\n<p data-start=\"5406\" data-end=\"5547\">Podanie danych osobowych jest dobrowolne, jednak niekt\u00f3re dane techniczne (np. adres IP) s\u0105 niezb\u0119dne do prawid\u0142owego funkcjonowania Serwisu.<\/p>\n<p data-start=\"5549\" data-end=\"5672\">Administrator nie podejmuje wobec u\u017cytkownik\u00f3w zautomatyzowanych decyzji, w tym decyzji b\u0119d\u0105cych wynikiem profilowania.<\/p>\n<p data-start=\"5674\" data-end=\"5850\">Administrator zastrzega sobie prawo do aktualizacji niniejszej Polityki prywatno\u015bci w przypadku zmian przepis\u00f3w prawa lub zmian technicznych dotycz\u0105cych funkcjonowania Serwisu.<\/p>\n<p data-start=\"5857\" data-end=\"5907\"><strong>Data ostatniej aktualizacji:<\/strong><br data-start=\"5889\" data-end=\"5892\">9 marca 2026 r.<\/p>\t\t\t\t\t\t\t\t<\/div>\n\t\t\t\t\t<\/div>\n\t\t\t\t<\/div>\n\t\t<div class=\"elementor-element elementor-element-414b0de e-flex e-con-boxed e-con e-parent\" data-id=\"414b0de\" data-element_type=\"container\" data-e-type=\"container\">\n\t\t\t\t\t<div class=\"e-con-inner\">\n\t\t\t\t<div class=\"elementor-element elementor-element-c1b72b0 elementor-widget elementor-widget-spacer\" data-id=\"c1b72b0\" data-element_type=\"widget\" data-e-type=\"widget\" data-widget_type=\"spacer.default\">\n\t\t\t\t\t\t\t<div class=\"elementor-spacer\">\n\t\t\t<div class=\"elementor-spacer-inner\"><\/div>\n\t\t<\/div>\n\t\t\t\t\t\t<\/div>\n\t\t\t\t\t<\/div>\n\t\t\t\t<\/div>\n\t\t\t\t<\/div>\n\t\t","protected":false},"excerpt":{"rendered":"<p>Polityka prywatno\u015bci Informacje og\u00f3lne Niniejsza Polityka prywatno\u015bci dotyczy serwisu internetowego dzia\u0142aj\u0105cego pod adresem:www.kuczynskabeauty.pl (dalej: \u201eSerwis\u201d). Administratorem danych osobowych jest firma [&hellip;]<\/p>\n","protected":false},"author":1,"featured_media":0,"parent":0,"menu_order":0,"comment_status":"closed","ping_status":"closed","template":"","meta":{"site-sidebar-layout":"no-sidebar","site-content-layout":"","ast-site-content-layout":"full-width-container","site-content-style":"default","site-sidebar-style":"default","ast-global-header-display":"","ast-banner-title-visibility":"","ast-main-header-display":"","ast-hfb-above-header-display":"","ast-hfb-below-header-display":"","ast-hfb-mobile-header-display":"","site-post-title":"disabled","ast-breadcrumbs-content":"","ast-featured-img":"disabled","footer-sml-layout":"","ast-disable-related-posts":"","theme-transparent-header-meta":"","adv-header-id-meta":"","stick-header-meta":"","header-above-stick-meta":"","header-main-stick-meta":"","header-below-stick-meta":"","astra-migrate-meta-layouts":"default","ast-page-background-enabled":"default","ast-page-background-meta":{"desktop":{"background-color":"var(--ast-global-color-5)","background-image":"","background-repeat":"repeat","background-position":"center center","background-size":"auto","background-attachment":"scroll","background-type":"","background-media":"","overlay-type":"","overlay-color":"","overlay-opacity":"","overlay-gradient":""},"tablet":{"background-color":"","background-image":"","background-repeat":"repeat","background-position":"center center","background-size":"auto","background-attachment":"scroll","background-type":"","background-media":"","overlay-type":"","overlay-color":"","overlay-opacity":"","overlay-gradient":""},"mobile":{"background-color":"","background-image":"","background-repeat":"repeat","background-position":"center center","background-size":"auto","background-attachment":"scroll","background-type":"","background-media":"","overlay-type":"","overlay-color":"","overlay-opacity":"","overlay-gradient":""}},"ast-content-background-meta":{"desktop":{"background-color":"var(--ast-global-color-4)","background-image":"","background-repeat":"repeat","background-position":"center center","background-size":"auto","background-attachment":"scroll","background-type":"","background-media":"","overlay-type":"","overlay-color":"","overlay-opacity":"","overlay-gradient":""},"tablet":{"background-color":"var(--ast-global-color-4)","background-image":"","background-repeat":"repeat","background-position":"center center","background-size":"auto","background-attachment":"scroll","background-type":"","background-media":"","overlay-type":"","overlay-color":"","overlay-opacity":"","overlay-gradient":""},"mobile":{"background-color":"var(--ast-global-color-4)","background-image":"","background-repeat":"repeat","background-position":"center center","background-size":"auto","background-attachment":"scroll","background-type":"","background-media":"","overlay-type":"","overlay-color":"","overlay-opacity":"","overlay-gradient":""}},"footnotes":""},"class_list":["post-422","page","type-page","status-publish","hentry"],"_links":{"self":[{"href":"https:\/\/kuczynskabeauty.pl\/index.php\/wp-json\/wp\/v2\/pages\/422","targetHints":{"allow":["GET"]}}],"collection":[{"href":"https:\/\/kuczynskabeauty.pl\/index.php\/wp-json\/wp\/v2\/pages"}],"about":[{"href":"https:\/\/kuczynskabeauty.pl\/index.php\/wp-json\/wp\/v2\/types\/page"}],"author":[{"embeddable":true,"href":"https:\/\/kuczynskabeauty.pl\/index.php\/wp-json\/wp\/v2\/users\/1"}],"replies":[{"embeddable":true,"href":"https:\/\/kuczynskabeauty.pl\/index.php\/wp-json\/wp\/v2\/comments?post=422"}],"version-history":[{"count":13,"href":"https:\/\/kuczynskabeauty.pl\/index.php\/wp-json\/wp\/v2\/pages\/422\/revisions"}],"predecessor-version":[{"id":449,"href":"https:\/\/kuczynskabeauty.pl\/index.php\/wp-json\/wp\/v2\/pages\/422\/revisions\/449"}],"wp:attachment":[{"href":"https:\/\/kuczynskabeauty.pl\/index.php\/wp-json\/wp\/v2\/media?parent=422"}],"curies":[{"name":"wp","href":"https:\/\/api.w.org\/{rel}","templated":true}]}}