{"id":207,"date":"2026-03-01T19:13:40","date_gmt":"2026-03-01T18:13:40","guid":{"rendered":"https:\/\/serwer417603.lh.pl\/autoinstalator\/serwer417603.lh.pl\/wordpress152602\/?page_id=207"},"modified":"2026-03-03T21:46:39","modified_gmt":"2026-03-03T20:46:39","slug":"kontakt","status":"publish","type":"page","link":"https:\/\/kuczynskabeauty.pl\/index.php\/kontakt\/","title":{"rendered":"Kontakt"},"content":{"rendered":"\t\t<div data-elementor-type=\"wp-page\" data-elementor-id=\"207\" class=\"elementor elementor-207\">\n\t\t\t\t<div class=\"elementor-element elementor-element-5f28c7e e-grid e-con-full e-con e-parent\" data-id=\"5f28c7e\" data-element_type=\"container\" data-e-type=\"container\">\n\t\t\t\t<div class=\"elementor-element elementor-element-2a558b6 elementor-widget elementor-widget-spacer\" data-id=\"2a558b6\" data-element_type=\"widget\" data-e-type=\"widget\" data-widget_type=\"spacer.default\">\n\t\t\t\t\t\t\t<div class=\"elementor-spacer\">\n\t\t\t<div class=\"elementor-spacer-inner\"><\/div>\n\t\t<\/div>\n\t\t\t\t\t\t<\/div>\n\t\t\t\t<div class=\"elementor-element elementor-element-2c187f4 elementor-widget elementor-widget-spacer\" data-id=\"2c187f4\" data-element_type=\"widget\" data-e-type=\"widget\" data-widget_type=\"spacer.default\">\n\t\t\t\t\t\t\t<div class=\"elementor-spacer\">\n\t\t\t<div class=\"elementor-spacer-inner\"><\/div>\n\t\t<\/div>\n\t\t\t\t\t\t<\/div>\n\t\t<div class=\"elementor-element elementor-element-f191954 e-flex e-con-boxed e-con e-child\" data-id=\"f191954\" data-element_type=\"container\" data-e-type=\"container\">\n\t\t\t\t\t<div class=\"e-con-inner\">\n\t\t\t\t<div class=\"elementor-element elementor-element-dc25127 elementor-widget elementor-widget-spacer\" data-id=\"dc25127\" data-element_type=\"widget\" data-e-type=\"widget\" data-widget_type=\"spacer.default\">\n\t\t\t\t\t\t\t<div class=\"elementor-spacer\">\n\t\t\t<div class=\"elementor-spacer-inner\"><\/div>\n\t\t<\/div>\n\t\t\t\t\t\t<\/div>\n\t\t\t\t<div class=\"elementor-element elementor-element-9d9026f animated-slow elementor-invisible elementor-widget elementor-widget-heading\" data-id=\"9d9026f\" data-element_type=\"widget\" data-e-type=\"widget\" data-settings=\"{&quot;_animation&quot;:&quot;fadeInDown&quot;}\" data-widget_type=\"heading.default\">\n\t\t\t\t\t<h2 class=\"elementor-heading-title elementor-size-default\">Um\u00f3w si\u0119 na wizyt\u0119<\/h2>\t\t\t\t<\/div>\n\t\t\t\t<div class=\"elementor-element elementor-element-495816c animated-slow elementor-invisible elementor-widget elementor-widget-text-editor\" data-id=\"495816c\" data-element_type=\"widget\" data-e-type=\"widget\" data-settings=\"{&quot;_animation&quot;:&quot;fadeInDown&quot;}\" data-widget_type=\"text-editor.default\">\n\t\t\t\t\t\t\t\t\t<p data-start=\"152\" data-end=\"343\">Zarezerwuj termin na makija\u017c permanentny, makija\u017c okoliczno\u015bciowy lub nauk\u0119 makija\u017cu w Szczecinie. Skontaktuj si\u0119 ze mn\u0105 \u2013 wsp\u00f3lnie wybierzemy opcj\u0119 idealnie dopasowan\u0105 do Twoich potrzeb.<\/p>\t\t\t\t\t\t\t\t<\/div>\n\t\t\t\t<div class=\"elementor-element elementor-element-a2ddc62 animated-slow elementor-invisible elementor-widget elementor-widget-heading\" data-id=\"a2ddc62\" data-element_type=\"widget\" data-e-type=\"widget\" data-settings=\"{&quot;_animation&quot;:&quot;fadeInDown&quot;}\" data-widget_type=\"heading.default\">\n\t\t\t\t\t<h2 class=\"elementor-heading-title elementor-size-default\">Kontakt<\/h2>\t\t\t\t<\/div>\n\t\t\t\t<div class=\"elementor-element elementor-element-8b30097 animated-slow elementor-invisible elementor-widget elementor-widget-text-editor\" data-id=\"8b30097\" data-element_type=\"widget\" data-e-type=\"widget\" data-settings=\"{&quot;_animation&quot;:&quot;fadeInDown&quot;}\" data-widget_type=\"text-editor.default\">\n\t\t\t\t\t\t\t\t\t<p><strong>Telefon:<\/strong> +48 661 051 700<\/p><p><strong>Adres:<\/strong> ul. Wyszy\u0144skiego 37, 70-001 Szczecin<\/p>\t\t\t\t\t\t\t\t<\/div>\n\t\t\t\t<div class=\"elementor-element elementor-element-4789194 elementor-widget elementor-widget-spacer\" data-id=\"4789194\" data-element_type=\"widget\" data-e-type=\"widget\" data-widget_type=\"spacer.default\">\n\t\t\t\t\t\t\t<div class=\"elementor-spacer\">\n\t\t\t<div class=\"elementor-spacer-inner\"><\/div>\n\t\t<\/div>\n\t\t\t\t\t\t<\/div>\n\t\t\t\t<div class=\"elementor-element elementor-element-e25c5e8 elementor-shape-circle elementor-widget__width-initial animated-slow elementor-grid-0 e-grid-align-center elementor-invisible elementor-widget elementor-widget-social-icons\" data-id=\"e25c5e8\" data-element_type=\"widget\" data-e-type=\"widget\" data-settings=\"{&quot;_animation&quot;:&quot;fadeInDown&quot;}\" data-widget_type=\"social-icons.default\">\n\t\t\t\t\t\t\t<div class=\"elementor-social-icons-wrapper elementor-grid\" role=\"list\">\n\t\t\t\t\t\t\t<span class=\"elementor-grid-item\" role=\"listitem\">\n\t\t\t\t\t<a class=\"elementor-icon elementor-social-icon elementor-social-icon-facebook elementor-repeater-item-6e1e5eb\" href=\"https:\/\/www.facebook.com\/profile.php?id=100075941924191\" target=\"_blank\">\n\t\t\t\t\t\t<span class=\"elementor-screen-only\">Facebook<\/span>\n\t\t\t\t\t\t<svg aria-hidden=\"true\" class=\"e-font-icon-svg e-fab-facebook\" viewBox=\"0 0 512 512\" xmlns=\"http:\/\/www.w3.org\/2000\/svg\"><path d=\"M504 256C504 119 393 8 256 8S8 119 8 256c0 123.78 90.69 226.38 209.25 245V327.69h-63V256h63v-54.64c0-62.15 37-96.48 93.67-96.48 27.14 0 55.52 4.84 55.52 4.84v61h-31.28c-30.8 0-40.41 19.12-40.41 38.73V256h68.78l-11 71.69h-57.78V501C413.31 482.38 504 379.78 504 256z\"><\/path><\/svg>\t\t\t\t\t<\/a>\n\t\t\t\t<\/span>\n\t\t\t\t\t\t\t<span class=\"elementor-grid-item\" role=\"listitem\">\n\t\t\t\t\t<a class=\"elementor-icon elementor-social-icon elementor-social-icon-instagram elementor-repeater-item-c72ccb9\" href=\"https:\/\/www.instagram.com\/emiliakuczynska_makeup\/\" target=\"_blank\">\n\t\t\t\t\t\t<span class=\"elementor-screen-only\">Instagram<\/span>\n\t\t\t\t\t\t<svg aria-hidden=\"true\" class=\"e-font-icon-svg e-fab-instagram\" viewBox=\"0 0 448 512\" xmlns=\"http:\/\/www.w3.org\/2000\/svg\"><path d=\"M224.1 141c-63.6 0-114.9 51.3-114.9 114.9s51.3 114.9 114.9 114.9S339 319.5 339 255.9 287.7 141 224.1 141zm0 189.6c-41.1 0-74.7-33.5-74.7-74.7s33.5-74.7 74.7-74.7 74.7 33.5 74.7 74.7-33.6 74.7-74.7 74.7zm146.4-194.3c0 14.9-12 26.8-26.8 26.8-14.9 0-26.8-12-26.8-26.8s12-26.8 26.8-26.8 26.8 12 26.8 26.8zm76.1 27.2c-1.7-35.9-9.9-67.7-36.2-93.9-26.2-26.2-58-34.4-93.9-36.2-37-2.1-147.9-2.1-184.9 0-35.8 1.7-67.6 9.9-93.9 36.1s-34.4 58-36.2 93.9c-2.1 37-2.1 147.9 0 184.9 1.7 35.9 9.9 67.7 36.2 93.9s58 34.4 93.9 36.2c37 2.1 147.9 2.1 184.9 0 35.9-1.7 67.7-9.9 93.9-36.2 26.2-26.2 34.4-58 36.2-93.9 2.1-37 2.1-147.8 0-184.8zM398.8 388c-7.8 19.6-22.9 34.7-42.6 42.6-29.5 11.7-99.5 9-132.1 9s-102.7 2.6-132.1-9c-19.6-7.8-34.7-22.9-42.6-42.6-11.7-29.5-9-99.5-9-132.1s-2.6-102.7 9-132.1c7.8-19.6 22.9-34.7 42.6-42.6 29.5-11.7 99.5-9 132.1-9s102.7-2.6 132.1 9c19.6 7.8 34.7 22.9 42.6 42.6 11.7 29.5 9 99.5 9 132.1s2.7 102.7-9 132.1z\"><\/path><\/svg>\t\t\t\t\t<\/a>\n\t\t\t\t<\/span>\n\t\t\t\t\t\t\t<span class=\"elementor-grid-item\" role=\"listitem\">\n\t\t\t\t\t<a class=\"elementor-icon elementor-social-icon elementor-social-icon- elementor-repeater-item-0375867\" href=\"https:\/\/booksy.com\/pl-pl\/201573_emilia-kuczynska-makijaz-i-brwi_makijaz_18078_szczecin#ba_s=seo\" target=\"_blank\">\n\t\t\t\t\t\t<span class=\"elementor-screen-only\"><\/span>\n\t\t\t\t\t\t<svg xmlns:x=\"ns_extend;\" xmlns:i=\"ns_ai;\" xmlns:graph=\"ns_graphs;\" xmlns=\"http:\/\/www.w3.org\/2000\/svg\" xmlns:xlink=\"http:\/\/www.w3.org\/1999\/xlink\" id=\"Layer_1\" x=\"0px\" y=\"0px\" viewBox=\"0 0 219.6 50\" style=\"enable-background:new 0 0 219.6 50;\" xml:space=\"preserve\"> <style type=\"text\/css\">  .st0{fill-rule:evenodd;clip-rule:evenodd;fill:#FFFFFF;} <\/style> <metadata>   <\/metadata> <g>  <path class=\"st0\" d=\"M43.5,10.9c-2.5-0.1-5,0.6-7.3,1.9c-1.7,1-1.7,1-1.7-1.1c0-0.7,0-1.3,0-2c0-2.5,0-5,0-7.5  c0-1.9-0.3-2.2-2.2-2.2c-0.6,0-1.1,0-1.7,0c-1.8,0-1.9,0.1-1.9,1.8c0,3.8,0,7.5,0,11.3h0c0,3.8,0,7.5,0,11.3c0,0.7-0.1,1.4,0.5,1.8  c1.2,0.9,2.5,1.8,3.9,2.5c0.7,0.4,1.3,0,1.4-0.8c0.1-0.8,0.1-1.5,0-2.3c-0.1-1.8,0.5-3.5,1.5-5c3.4-5.3,10.7-5.5,14.4-0.5  c2,2.6,2.3,5.6,1.8,8.7c-0.4,2.3-1.6,4.1-3.6,5.5c-3.3,2.3-6.9,2.5-10.6,1.5c-3.5-1-6.5-3-9.4-5c-2.2-1.5-4.2-3.2-6.4-4.7  c-3.6-2.6-7.7-3.5-12.1-2.5c-4.7,1.1-8.1,3.9-10,8.3c-0.6,1.3-0.2,1.8,1.2,1.9c1.2,0,2.4,0,3.6,0c0.8,0,1.4-0.3,1.7-1  c0.1-0.2,0.3-0.5,0.4-0.7c1.6-2.6,4.5-3.8,7.5-3c1.3,0.4,2.6,0.9,3.8,1.7c2.7,1.7,5.2,3.5,7.7,5.4c5.1,3.8,10.5,6.5,17.2,5.9  c4.5-0.4,8.3-2,11.2-5.5c2.3-2.7,3.4-5.9,3.4-9.5c0-3.2-0.5-6.2-2.2-8.9C53.1,13.5,48.9,11.1,43.5,10.9z\">  <\/path>  <path class=\"st0\" d=\"M149.4,25.8c-0.7-0.9-0.7-1,0.1-1.8c1.2-1.3,2.4-2.5,3.7-3.8c2.1-2.2,4.3-4.3,6.4-6.5c0.3-0.3,0.8-0.5,0.5-1.1  c-0.2-0.5-0.7-0.6-1.3-0.6c-1.2,0-2.4,0.1-3.6,0c-0.9-0.1-1.5,0.3-2.2,0.9c-3.8,4-7.6,7.9-11.4,11.9c-0.4,0.4-0.7,1.1-1.2,0.9  c-0.2-0.1-0.3-0.1-0.3-0.3v-1.3c0-7.1,0-14.1,0-21.2c0-0.4,0-0.8,0-1.1c-0.1-0.9-0.4-1.2-1.2-1.3c-1.2,0-2.3,0-3.5,0  c-0.6,0-1,0.4-1,1.1c0,0.4,0,0.9,0,1.3c0,6,0,11.9,0,17.9c0,3.6,0,7.1,0,10.7c0,2.8,0,5.6,0,8.4c0,1.2,0.2,1.4,1.3,1.4c1,0,2,0,3,0  c1,0,1.4-0.4,1.4-1.4c0-0.2,0-0.4,0-0.5v0v0c0-0.6,0.1-1.2,0-1.8v-1.4c0,0-0.1-1.1,0.2-2.1c0.1-0.4,0.3-0.7,0.5-1.1  c0.5-0.7,1.7-2,2.8-3c1.5-1.4,1.2-1.5,3.2,1c2.4,3.1,4.8,6.1,7.2,9.2c0.6,0.8,1.3,1.1,2.2,1.1c0.9-0.1,1.8,0,2.6,0  c0.7,0,1.4,0.2,1.8-0.6c0.3-0.7-0.4-1.2-0.7-1.7C156.2,34.7,152.8,30.3,149.4,25.8z\">  <\/path>  <path class=\"st0\" d=\"M85,33.7c-3.5,3.9-10.1,4.5-14.1-0.2c-3.6-4.2-3.2-10.9,0.8-14.4c1.8-1.6,3.9-2.4,5.8-2.3c4,0,6.6,1.5,8.5,4.4  C88.4,25,88,30.2,85,33.7z M77.9,11.6c-9.6,0-15.3,7.6-15.3,15.2c0,7.7,5.6,15.1,15.1,15.2c9.6,0.1,15.5-7.2,15.5-15.2  C93.3,19,87.5,11.6,77.9,11.6z\">  <\/path>  <path class=\"st0\" d=\"M123,26.9c-0.1,3.8-1.6,6.9-5.1,8.8c-5.3,2.9-12.1,0.1-13.7-6.3c-0.7-2.8-0.4-5.6,1.1-8.1  c1.6-2.8,4.1-4.3,7.4-4.5C119.2,16.2,123.3,22.1,123,26.9z M113.5,11.6c-9.3,0-15.3,7.1-15.3,15.2c0,8.2,6,15.3,15.2,15.2  c10.1,0,15.5-8,15.3-15.2C129,19.3,123.2,11.6,113.5,11.6z\">  <\/path>  <path class=\"st0\" d=\"M217.9,12.1c-0.7,0-1.4,0-2.2,0c-1.7,0-1.7,0-2.3,1.5c-2.3,6-4.7,12-7,18c0,0.1-0.1,0.2-0.1,0.3  c-0.1,0.2-0.2,0.5-0.3,0.6c-0.2,0.4-0.5,0.4-0.7,0.4c-0.2,0-0.4-0.3-0.4-0.3l-0.5-1.1c-2.5-5.6-5-11.3-7.5-16.9  c-1.3-2.8-0.6-2.5-3.8-2.5c-0.7,0-1.4,0-2.2,0c-0.8,0.1-1,0.5-0.7,1.2c0.2,0.5,0.4,1,0.7,1.5c3.7,8,7.3,15.9,11,23.8  c0.7,1.5,0.5,2.5-0.3,3.8c-1.2,1.9-2.8,2.7-5,2.4c-0.7-0.1-1.4-0.3-2.1-0.6c-1.5-0.5-1.6-0.5-2.2,0.9c-0.3,0.5-0.4,1.1-0.7,1.7  c-0.7,1.3-0.2,1.6,0.9,2.1c1.8,0.7,3.6,1,5.5,1c3.3,0,5.8-1.4,7.7-4c0.9-1.3,1.6-2.7,2.2-4.2c2.6-6.4,5.2-12.7,7.9-19.1  c1.2-2.8,2.3-5.7,3.5-8.5C220,12.4,219.8,12.2,217.9,12.1z\">  <\/path>  <path class=\"st0\" d=\"M181.4,25.2c-1.9-0.8-4-1.3-6-1.9c-1-0.3-2-0.7-2.8-1.3c-1.8-1.3-1.8-3.4,0.1-4.6c1.1-0.7,2.4-0.9,3.6-0.8  c2.2,0.2,4.2,0.8,6.1,1.8c0.3,0.2,0.7,0.4,1,0.5c0.6,0.3,1.2,0.2,1.6-0.4c0.4-0.7,0.8-1.3,1.2-2c0.7-1.2,0.6-1.6-0.6-2.2  c-2.9-1.6-6-2.7-9.4-2.6c-0.6,0-1.1,0-1.7,0c-2.6,0.2-4.9,1.2-6.7,3.1c-3,3.1-3.2,9.1,1.7,11.8c1.2,0.6,2.4,1.2,3.6,1.6  c1.2,0.4,2.4,0.7,3.6,1.1c1.3,0.4,2.6,0.8,3.8,1.6c1.6,1.2,1.8,3.1,0.4,4.5c-0.8,0.9-1.9,1.2-3.1,1.3c-3.3,0.3-6.3-0.6-8.9-2.4  c-2.3-1.6-2.2-0.9-3.3,0.6c-1.7,2.3-1.6,2.4,0.9,3.9c3.5,2.1,7.4,3.1,11.5,2.8c2.6-0.2,4.8-1,6.7-2.8c3-2.8,3.6-8.2,0.7-11.1  C184.4,26.7,182.9,25.9,181.4,25.2z\">  <\/path> <\/g><\/svg>\t\t\t\t\t<\/a>\n\t\t\t\t<\/span>\n\t\t\t\t\t<\/div>\n\t\t\t\t\t\t<\/div>\n\t\t\t\t<div class=\"elementor-element elementor-element-bf17dc2 elementor-widget elementor-widget-spacer\" data-id=\"bf17dc2\" data-element_type=\"widget\" data-e-type=\"widget\" data-widget_type=\"spacer.default\">\n\t\t\t\t\t\t\t<div class=\"elementor-spacer\">\n\t\t\t<div class=\"elementor-spacer-inner\"><\/div>\n\t\t<\/div>\n\t\t\t\t\t\t<\/div>\n\t\t\t\t\t<\/div>\n\t\t\t\t<\/div>\n\t\t<div class=\"elementor-element elementor-element-154d384 e-flex e-con-boxed e-con e-child\" data-id=\"154d384\" data-element_type=\"container\" data-e-type=\"container\">\n\t\t\t\t\t<div class=\"e-con-inner\">\n\t\t\t\t<div class=\"elementor-element elementor-element-c47913f elementor-widget elementor-widget-spacer\" data-id=\"c47913f\" data-element_type=\"widget\" data-e-type=\"widget\" data-widget_type=\"spacer.default\">\n\t\t\t\t\t\t\t<div class=\"elementor-spacer\">\n\t\t\t<div class=\"elementor-spacer-inner\"><\/div>\n\t\t<\/div>\n\t\t\t\t\t\t<\/div>\n\t\t\t\t<div class=\"elementor-element elementor-element-ad0233e animated-slow elementor-invisible elementor-widget elementor-widget-html\" data-id=\"ad0233e\" data-element_type=\"widget\" data-e-type=\"widget\" data-settings=\"{&quot;_animation&quot;:&quot;fadeInDown&quot;}\" data-widget_type=\"html.default\">\n\t\t\t\t\t<iframe src=\"https:\/\/www.google.com\/maps\/embed?pb=!1m18!1m12!1m3!1d999.6228859653426!2d14.559043613101787!3d53.42345842632656!2m3!1f0!2f0!3f0!3m2!1i1024!2i768!4f13.1!3m3!1m2!1s0x47aa090f7ff29527%3A0x50a56ce6826503e5!2sKsi%C4%99dza%20Kardyna%C5%82a%20Stefana%20Wyszy%C5%84skiego%2037%2C%2070-001%20Szczecin!5e0!3m2!1spl!2spl!4v1772390902268!5m2!1spl!2spl\" width=\"600\" height=\"450\" style=\"border:0;\" allowfullscreen=\"\" loading=\"lazy\" referrerpolicy=\"no-referrer-when-downgrade\"><\/iframe>\t\t\t\t<\/div>\n\t\t\t\t\t<\/div>\n\t\t\t\t<\/div>\n\t\t\t\t<div class=\"elementor-element elementor-element-13f26ed elementor-widget elementor-widget-spacer\" data-id=\"13f26ed\" data-element_type=\"widget\" data-e-type=\"widget\" data-widget_type=\"spacer.default\">\n\t\t\t\t\t\t\t<div class=\"elementor-spacer\">\n\t\t\t<div class=\"elementor-spacer-inner\"><\/div>\n\t\t<\/div>\n\t\t\t\t\t\t<\/div>\n\t\t\t\t<\/div>\n\t\t\t\t<\/div>\n\t\t","protected":false},"excerpt":{"rendered":"<p>Um\u00f3w si\u0119 na wizyt\u0119 Zarezerwuj termin na makija\u017c permanentny, makija\u017c okoliczno\u015bciowy lub nauk\u0119 makija\u017cu w Szczecinie. Skontaktuj si\u0119 ze mn\u0105 [&hellip;]<\/p>\n","protected":false},"author":1,"featured_media":0,"parent":0,"menu_order":0,"comment_status":"closed","ping_status":"closed","template":"","meta":{"site-sidebar-layout":"no-sidebar","site-content-layout":"","ast-site-content-layout":"full-width-container","site-content-style":"default","site-sidebar-style":"default","ast-global-header-display":"","ast-banner-title-visibility":"","ast-main-header-display":"","ast-hfb-above-header-display":"","ast-hfb-below-header-display":"","ast-hfb-mobile-header-display":"","site-post-title":"disabled","ast-breadcrumbs-content":"","ast-featured-img":"disabled","footer-sml-layout":"","ast-disable-related-posts":"","theme-transparent-header-meta":"","adv-header-id-meta":"","stick-header-meta":"","header-above-stick-meta":"","header-main-stick-meta":"","header-below-stick-meta":"","astra-migrate-meta-layouts":"default","ast-page-background-enabled":"default","ast-page-background-meta":{"desktop":{"background-color":"var(--ast-global-color-5)","background-image":"","background-repeat":"repeat","background-position":"center center","background-size":"auto","background-attachment":"scroll","background-type":"","background-media":"","overlay-type":"","overlay-color":"","overlay-opacity":"","overlay-gradient":""},"tablet":{"background-color":"","background-image":"","background-repeat":"repeat","background-position":"center center","background-size":"auto","background-attachment":"scroll","background-type":"","background-media":"","overlay-type":"","overlay-color":"","overlay-opacity":"","overlay-gradient":""},"mobile":{"background-color":"","background-image":"","background-repeat":"repeat","background-position":"center center","background-size":"auto","background-attachment":"scroll","background-type":"","background-media":"","overlay-type":"","overlay-color":"","overlay-opacity":"","overlay-gradient":""}},"ast-content-background-meta":{"desktop":{"background-color":"var(--ast-global-color-4)","background-image":"","background-repeat":"repeat","background-position":"center center","background-size":"auto","background-attachment":"scroll","background-type":"","background-media":"","overlay-type":"","overlay-color":"","overlay-opacity":"","overlay-gradient":""},"tablet":{"background-color":"var(--ast-global-color-4)","background-image":"","background-repeat":"repeat","background-position":"center center","background-size":"auto","background-attachment":"scroll","background-type":"","background-media":"","overlay-type":"","overlay-color":"","overlay-opacity":"","overlay-gradient":""},"mobile":{"background-color":"var(--ast-global-color-4)","background-image":"","background-repeat":"repeat","background-position":"center center","background-size":"auto","background-attachment":"scroll","background-type":"","background-media":"","overlay-type":"","overlay-color":"","overlay-opacity":"","overlay-gradient":""}},"footnotes":""},"class_list":["post-207","page","type-page","status-publish","hentry"],"_links":{"self":[{"href":"https:\/\/kuczynskabeauty.pl\/index.php\/wp-json\/wp\/v2\/pages\/207","targetHints":{"allow":["GET"]}}],"collection":[{"href":"https:\/\/kuczynskabeauty.pl\/index.php\/wp-json\/wp\/v2\/pages"}],"about":[{"href":"https:\/\/kuczynskabeauty.pl\/index.php\/wp-json\/wp\/v2\/types\/page"}],"author":[{"embeddable":true,"href":"https:\/\/kuczynskabeauty.pl\/index.php\/wp-json\/wp\/v2\/users\/1"}],"replies":[{"embeddable":true,"href":"https:\/\/kuczynskabeauty.pl\/index.php\/wp-json\/wp\/v2\/comments?post=207"}],"version-history":[{"count":40,"href":"https:\/\/kuczynskabeauty.pl\/index.php\/wp-json\/wp\/v2\/pages\/207\/revisions"}],"predecessor-version":[{"id":413,"href":"https:\/\/kuczynskabeauty.pl\/index.php\/wp-json\/wp\/v2\/pages\/207\/revisions\/413"}],"wp:attachment":[{"href":"https:\/\/kuczynskabeauty.pl\/index.php\/wp-json\/wp\/v2\/media?parent=207"}],"curies":[{"name":"wp","href":"https:\/\/api.w.org\/{rel}","templated":true}]}}